{"id":207,"date":"2024-12-03T09:02:50","date_gmt":"2024-12-03T08:02:50","guid":{"rendered":"https:\/\/www.capaciti.eu\/?page_id=207"},"modified":"2025-10-10T10:46:33","modified_gmt":"2025-10-10T08:46:33","slug":"actualites","status":"publish","type":"page","link":"https:\/\/www.capaciti.eu\/de\/actualites\/","title":{"rendered":"Aktuelles"},"content":{"rendered":"<div data-elementor-type=\"wp-page\" data-elementor-id=\"207\" class=\"elementor elementor-207\">\n\t\t\t\t<div class=\"elementor-element elementor-element-21192df e-flex e-con-boxed e-con e-parent\" data-id=\"21192df\" data-element_type=\"container\">\n\t\t\t\t\t<div class=\"e-con-inner\">\n\t\t\t\t<div class=\"elementor-element elementor-element-1e35f66 premium-blog-align-left elementor-widget elementor-widget-premium-addon-blog\" data-id=\"1e35f66\" data-element_type=\"widget\" data-settings=\"{&quot;force_height&quot;:&quot;true&quot;,&quot;premium_blog_columns_number&quot;:&quot;33.33%&quot;,&quot;premium_blog_grid&quot;:&quot;yes&quot;,&quot;premium_blog_layout&quot;:&quot;even&quot;,&quot;premium_blog_columns_number_tablet&quot;:&quot;50%&quot;,&quot;premium_blog_columns_number_mobile&quot;:&quot;100%&quot;,&quot;scroll_to_offset&quot;:&quot;yes&quot;}\" data-widget_type=\"premium-addon-blog.default\">\n\t\t\t\t<div class=\"elementor-widget-container\">\n\t\t\t\t\t\r\n\t\t\t\t<div class=\"premium-blog-wrap  premium-blog-even\" data-page=\"207\">\r\n\t\t\t\t\t<div class=\"premium-blog-post-outer-container\" data-total=\"1\">\r\n\t\t\t<div class=\"premium-blog-post-container premium-blog-skin-modern\">\r\n\t\t\t\t\t\t\t\t\t<div class=\"premium-blog-thumb-effect-wrapper\">\r\n\t\t\t\t\t\t<div class=\"premium-blog-thumbnail-container premium-blog-zoomin-effect\">\r\n\t\t\t\t\t\t\t\t\t\t\t<a href=\"https:\/\/www.capaciti.eu\/de\/blog\/2026\/04\/16\/le-jeu-de-role-un-outil-pour-penser-le-recueil-et-le-deploiement-de-la-parole-de-lenfant\/\" target=\"_self\">\r\n\t\t\t\t<img fetchpriority=\"high\" decoding=\"async\" width=\"848\" height=\"900\" src=\"https:\/\/www.capaciti.eu\/wp-content\/uploads\/2026\/04\/Design-sans-titre-9.png\" class=\"attachment-full size-full wp-image-1437\" alt=\"\" \/>\t\t\t\t<\/a>\r\n\t\t\t\t\t\t\t\t\t\t<\/div>\r\n\t\t\t\t\t\t\t\t\t\t\t\t\t<div class=\"premium-blog-effect-container premium-blog-framed-effect\">\r\n\t\t\t\t\t\t\t\t<a class=\"premium-blog-post-link\" href=\"https:\/\/www.capaciti.eu\/de\/blog\/2026\/04\/16\/le-jeu-de-role-un-outil-pour-penser-le-recueil-et-le-deploiement-de-la-parole-de-lenfant\/\" target=\"_self\"><span>Das Rollenspiel: Ein Instrument, um das Sammeln und Entfalten der \u00c4u\u00dferungen des Kindes zu reflektieren?<\/span><\/a>\r\n\t\t\t\t\t\t\t\t\t\t\t\t\t\t\t<\/div>\r\n\t\t\t\t\t\t\t\t\t\t\t<\/div>\r\n\t\t\t\t\t\t\t\t\t\t\t\t<div class=\"premium-blog-content-wrapper\">\r\n\r\n\t\t\t\t\t<div class=\"premium-blog-inner-container\">\r\n\r\n\t\t\t\t\t\t\t\t\t\t\t\t\t\t<h2 class=\"premium-blog-entry-title\">\r\n\t\t\t<a href=\"https:\/\/www.capaciti.eu\/de\/blog\/2026\/04\/16\/le-jeu-de-role-un-outil-pour-penser-le-recueil-et-le-deploiement-de-la-parole-de-lenfant\/\" target=\"_self\">\r\n\t\t\t\tDas Rollenspiel: Ein Instrument, um das Sammeln und Entfalten der \u00c4u\u00dferungen des Kindes zu reflektieren?\t\t\t<\/a>\r\n\t\t<\/h2>\r\n\t\t\t\t<div class=\"premium-blog-entry-meta\">\r\n\t\t\t\t\t\t\t<div class=\"premium-blog-post-author premium-blog-meta-data\">\r\n\t\t\t\t\t<i class=\"fa fa-user fa-fw\" aria-hidden=\"true\"><\/i>\r\n\t\t\t\t\t<a href=\"https:\/\/www.capaciti.eu\/de\/blog\/author\/geoffroy\/\" title=\"Beitr\u00e4ge von geoffroy\" rel=\"author\">geoffroy<\/a>\t\t\t\t<\/div>\r\n\t\t\t\r\n\t\t\t\t\t\t\t<span class=\"premium-blog-meta-separator\">\u2022<\/span>\r\n\t\t\t\t<div class=\"premium-blog-post-time premium-blog-meta-data\">\r\n\t\t\t\t\t<i class=\"fa fa-calendar-alt\" aria-hidden=\"true\"><\/i>\r\n\t\t\t\t\t<span>16 April 2026<\/span>\r\n\t\t\t\t<\/div>\r\n\t\t\t\r\n\t\t\t\t\t\t\t<span class=\"premium-blog-meta-separator\">\u2022<\/span>\r\n\t\t\t\t<div class=\"premium-blog-post-categories premium-blog-meta-data\">\r\n\t\t\t\t\t<i class=\"fa fa-align-left fa-fw\" aria-hidden=\"true\"><\/i>\r\n\t\t\t\t\t<a href=\"https:\/\/www.capaciti.eu\/de\/blog\/category\/actualites\/\" rel=\"category tag\">Aktuelles<\/a>\t\t\t\t<\/div>\r\n\t\t\t\r\n\t\t\t\t\t<\/div>\r\n\t\t\r\n\t\t\t\t\t<\/div>\r\n\r\n\t\t\t\t\t\t\t\t\t\t\r\n\t\t\t\t<\/div>\r\n\t\t\t<\/div>\r\n\t\t<\/div>\r\n\r\n\t\t\t\t<div class=\"premium-blog-post-outer-container\" data-total=\"1\">\r\n\t\t\t<div class=\"premium-blog-post-container premium-blog-skin-modern\">\r\n\t\t\t\t\t\t\t\t\t<div class=\"premium-blog-thumb-effect-wrapper\">\r\n\t\t\t\t\t\t<div class=\"premium-blog-thumbnail-container premium-blog-zoomin-effect\">\r\n\t\t\t\t\t\t\t\t\t\t\t<a href=\"https:\/\/www.capaciti.eu\/de\/blog\/2026\/02\/11\/viens-partager-ton-expertise\/\" target=\"_self\">\r\n\t\t\t\t<img decoding=\"async\" width=\"848\" height=\"900\" src=\"https:\/\/www.capaciti.eu\/wp-content\/uploads\/2026\/02\/illustration-article.png\" class=\"attachment-full size-full wp-image-1350\" alt=\"\" \/>\t\t\t\t<\/a>\r\n\t\t\t\t\t\t\t\t\t\t<\/div>\r\n\t\t\t\t\t\t\t\t\t\t\t\t\t<div class=\"premium-blog-effect-container premium-blog-framed-effect\">\r\n\t\t\t\t\t\t\t\t<a class=\"premium-blog-post-link\" href=\"https:\/\/www.capaciti.eu\/de\/blog\/2026\/02\/11\/viens-partager-ton-expertise\/\" target=\"_self\"><span>Teile dein Fachwissen mit uns!<\/span><\/a>\r\n\t\t\t\t\t\t\t\t\t\t\t\t\t\t\t<\/div>\r\n\t\t\t\t\t\t\t\t\t\t\t<\/div>\r\n\t\t\t\t\t\t\t\t\t\t\t\t<div class=\"premium-blog-content-wrapper\">\r\n\r\n\t\t\t\t\t<div class=\"premium-blog-inner-container\">\r\n\r\n\t\t\t\t\t\t\t\t\t\t\t\t\t\t<h2 class=\"premium-blog-entry-title\">\r\n\t\t\t<a href=\"https:\/\/www.capaciti.eu\/de\/blog\/2026\/02\/11\/viens-partager-ton-expertise\/\" target=\"_self\">\r\n\t\t\t\tTeile dein Fachwissen mit uns!\t\t\t<\/a>\r\n\t\t<\/h2>\r\n\t\t\t\t<div class=\"premium-blog-entry-meta\">\r\n\t\t\t\t\t\t\t<div class=\"premium-blog-post-author premium-blog-meta-data\">\r\n\t\t\t\t\t<i class=\"fa fa-user fa-fw\" aria-hidden=\"true\"><\/i>\r\n\t\t\t\t\t<a href=\"https:\/\/www.capaciti.eu\/de\/blog\/author\/geoffroy\/\" title=\"Beitr\u00e4ge von geoffroy\" rel=\"author\">geoffroy<\/a>\t\t\t\t<\/div>\r\n\t\t\t\r\n\t\t\t\t\t\t\t<span class=\"premium-blog-meta-separator\">\u2022<\/span>\r\n\t\t\t\t<div class=\"premium-blog-post-time premium-blog-meta-data\">\r\n\t\t\t\t\t<i class=\"fa fa-calendar-alt\" aria-hidden=\"true\"><\/i>\r\n\t\t\t\t\t<span>11 Februar 2026<\/span>\r\n\t\t\t\t<\/div>\r\n\t\t\t\r\n\t\t\t\t\t\t\t<span class=\"premium-blog-meta-separator\">\u2022<\/span>\r\n\t\t\t\t<div class=\"premium-blog-post-categories premium-blog-meta-data\">\r\n\t\t\t\t\t<i class=\"fa fa-align-left fa-fw\" aria-hidden=\"true\"><\/i>\r\n\t\t\t\t\t<a href=\"https:\/\/www.capaciti.eu\/de\/blog\/category\/actualites\/\" rel=\"category tag\">Aktuelles<\/a>\t\t\t\t<\/div>\r\n\t\t\t\r\n\t\t\t\t\t<\/div>\r\n\t\t\r\n\t\t\t\t\t<\/div>\r\n\r\n\t\t\t\t\t\t\t\t\t\t\r\n\t\t\t\t<\/div>\r\n\t\t\t<\/div>\r\n\t\t<\/div>\r\n\r\n\t\t\t\t<div class=\"premium-blog-post-outer-container\" data-total=\"1\">\r\n\t\t\t<div class=\"premium-blog-post-container premium-blog-skin-modern\">\r\n\t\t\t\t\t\t\t\t\t<div class=\"premium-blog-thumb-effect-wrapper\">\r\n\t\t\t\t\t\t<div class=\"premium-blog-thumbnail-container premium-blog-zoomin-effect\">\r\n\t\t\t\t\t\t\t\t\t\t\t<a href=\"https:\/\/www.capaciti.eu\/de\/blog\/2026\/02\/04\/delegations-aux-droits-des-enfants-conseils-municipaux-des-enfants-quelles-differences\/\" target=\"_self\">\r\n\t\t\t\t<img decoding=\"async\" width=\"848\" height=\"900\" src=\"https:\/\/www.capaciti.eu\/wp-content\/uploads\/2026\/02\/Vignette-Article.png\" class=\"attachment-full size-full wp-image-1311\" alt=\"\" \/>\t\t\t\t<\/a>\r\n\t\t\t\t\t\t\t\t\t\t<\/div>\r\n\t\t\t\t\t\t\t\t\t\t\t\t\t<div class=\"premium-blog-effect-container premium-blog-framed-effect\">\r\n\t\t\t\t\t\t\t\t<a class=\"premium-blog-post-link\" href=\"https:\/\/www.capaciti.eu\/de\/blog\/2026\/02\/04\/delegations-aux-droits-des-enfants-conseils-municipaux-des-enfants-quelles-differences\/\" target=\"_self\"><span>Kinderrechtsdelegationen, Kinder-Gemeinder\u00e4te... Was sind die Unterschiede?\u00a0\u00a0<\/span><\/a>\r\n\t\t\t\t\t\t\t\t\t\t\t\t\t\t\t<\/div>\r\n\t\t\t\t\t\t\t\t\t\t\t<\/div>\r\n\t\t\t\t\t\t\t\t\t\t\t\t<div class=\"premium-blog-content-wrapper\">\r\n\r\n\t\t\t\t\t<div class=\"premium-blog-inner-container\">\r\n\r\n\t\t\t\t\t\t\t\t\t\t\t\t\t\t<h2 class=\"premium-blog-entry-title\">\r\n\t\t\t<a href=\"https:\/\/www.capaciti.eu\/de\/blog\/2026\/02\/04\/delegations-aux-droits-des-enfants-conseils-municipaux-des-enfants-quelles-differences\/\" target=\"_self\">\r\n\t\t\t\tKinderrechtsdelegationen, Kinder-Gemeinder\u00e4te... Was sind die Unterschiede?\u00a0\u00a0\t\t\t<\/a>\r\n\t\t<\/h2>\r\n\t\t\t\t<div class=\"premium-blog-entry-meta\">\r\n\t\t\t\t\t\t\t<div class=\"premium-blog-post-author premium-blog-meta-data\">\r\n\t\t\t\t\t<i class=\"fa fa-user fa-fw\" aria-hidden=\"true\"><\/i>\r\n\t\t\t\t\t<a href=\"https:\/\/www.capaciti.eu\/de\/blog\/author\/geoffroy\/\" title=\"Beitr\u00e4ge von geoffroy\" rel=\"author\">geoffroy<\/a>\t\t\t\t<\/div>\r\n\t\t\t\r\n\t\t\t\t\t\t\t<span class=\"premium-blog-meta-separator\">\u2022<\/span>\r\n\t\t\t\t<div class=\"premium-blog-post-time premium-blog-meta-data\">\r\n\t\t\t\t\t<i class=\"fa fa-calendar-alt\" aria-hidden=\"true\"><\/i>\r\n\t\t\t\t\t<span>4 Februar 2026<\/span>\r\n\t\t\t\t<\/div>\r\n\t\t\t\r\n\t\t\t\t\t\t\t<span class=\"premium-blog-meta-separator\">\u2022<\/span>\r\n\t\t\t\t<div class=\"premium-blog-post-categories premium-blog-meta-data\">\r\n\t\t\t\t\t<i class=\"fa fa-align-left fa-fw\" aria-hidden=\"true\"><\/i>\r\n\t\t\t\t\t<a href=\"https:\/\/www.capaciti.eu\/de\/blog\/category\/actualites\/\" rel=\"category tag\">Aktuelles<\/a>\t\t\t\t<\/div>\r\n\t\t\t\r\n\t\t\t\t\t<\/div>\r\n\t\t\r\n\t\t\t\t\t<\/div>\r\n\r\n\t\t\t\t\t\t\t\t\t\t\r\n\t\t\t\t<\/div>\r\n\t\t\t<\/div>\r\n\t\t<\/div>\r\n\r\n\t\t\t\t<div class=\"premium-blog-post-outer-container\" data-total=\"1\">\r\n\t\t\t<div class=\"premium-blog-post-container premium-blog-skin-modern\">\r\n\t\t\t\t\t\t\t\t\t<div class=\"premium-blog-thumb-effect-wrapper\">\r\n\t\t\t\t\t\t<div class=\"premium-blog-thumbnail-container premium-blog-zoomin-effect\">\r\n\t\t\t\t\t\t\t\t\t\t\t<a href=\"https:\/\/www.capaciti.eu\/de\/blog\/2025\/12\/02\/journee-mondiale-des-droits-de-lenfant-lavis-des-futurs-professionnels-de-lenfance-au-coeur-des-activites\/\" target=\"_self\">\r\n\t\t\t\t<img loading=\"lazy\" decoding=\"async\" width=\"848\" height=\"900\" src=\"https:\/\/www.capaciti.eu\/wp-content\/uploads\/2025\/12\/Ajouter-un-titre-1-1.png\" class=\"attachment-full size-full wp-image-1116\" alt=\"\" \/>\t\t\t\t<\/a>\r\n\t\t\t\t\t\t\t\t\t\t<\/div>\r\n\t\t\t\t\t\t\t\t\t\t\t\t\t<div class=\"premium-blog-effect-container premium-blog-framed-effect\">\r\n\t\t\t\t\t\t\t\t<a class=\"premium-blog-post-link\" href=\"https:\/\/www.capaciti.eu\/de\/blog\/2025\/12\/02\/journee-mondiale-des-droits-de-lenfant-lavis-des-futurs-professionnels-de-lenfance-au-coeur-des-activites\/\" target=\"_self\"><span>Weltkindertag: Die Meinung zuk\u00fcnftiger Fachkr\u00e4fte im Bereich Kinderbetreuung im Mittelpunkt der Aktivit\u00e4ten<\/span><\/a>\r\n\t\t\t\t\t\t\t\t\t\t\t\t\t\t\t<\/div>\r\n\t\t\t\t\t\t\t\t\t\t\t<\/div>\r\n\t\t\t\t\t\t\t\t\t\t\t\t<div class=\"premium-blog-content-wrapper\">\r\n\r\n\t\t\t\t\t<div class=\"premium-blog-inner-container\">\r\n\r\n\t\t\t\t\t\t\t\t\t\t\t\t\t\t<h2 class=\"premium-blog-entry-title\">\r\n\t\t\t<a href=\"https:\/\/www.capaciti.eu\/de\/blog\/2025\/12\/02\/journee-mondiale-des-droits-de-lenfant-lavis-des-futurs-professionnels-de-lenfance-au-coeur-des-activites\/\" target=\"_self\">\r\n\t\t\t\tWeltkindertag: Die Meinung zuk\u00fcnftiger Fachkr\u00e4fte im Bereich Kinderbetreuung im Mittelpunkt der Aktivit\u00e4ten\t\t\t<\/a>\r\n\t\t<\/h2>\r\n\t\t\t\t<div class=\"premium-blog-entry-meta\">\r\n\t\t\t\t\t\t\t<div class=\"premium-blog-post-author premium-blog-meta-data\">\r\n\t\t\t\t\t<i class=\"fa fa-user fa-fw\" aria-hidden=\"true\"><\/i>\r\n\t\t\t\t\t<a href=\"https:\/\/www.capaciti.eu\/de\/blog\/author\/geoffroy\/\" title=\"Beitr\u00e4ge von geoffroy\" rel=\"author\">geoffroy<\/a>\t\t\t\t<\/div>\r\n\t\t\t\r\n\t\t\t\t\t\t\t<span class=\"premium-blog-meta-separator\">\u2022<\/span>\r\n\t\t\t\t<div class=\"premium-blog-post-time premium-blog-meta-data\">\r\n\t\t\t\t\t<i class=\"fa fa-calendar-alt\" aria-hidden=\"true\"><\/i>\r\n\t\t\t\t\t<span>2 Dezember 2025<\/span>\r\n\t\t\t\t<\/div>\r\n\t\t\t\r\n\t\t\t\t\t\t\t<span class=\"premium-blog-meta-separator\">\u2022<\/span>\r\n\t\t\t\t<div class=\"premium-blog-post-categories premium-blog-meta-data\">\r\n\t\t\t\t\t<i class=\"fa fa-align-left fa-fw\" aria-hidden=\"true\"><\/i>\r\n\t\t\t\t\t<a href=\"https:\/\/www.capaciti.eu\/de\/blog\/category\/articles\/\" rel=\"category tag\">Articles<\/a>\t\t\t\t<\/div>\r\n\t\t\t\r\n\t\t\t\t\t<\/div>\r\n\t\t\r\n\t\t\t\t\t<\/div>\r\n\r\n\t\t\t\t\t\t\t\t\t\t\r\n\t\t\t\t<\/div>\r\n\t\t\t<\/div>\r\n\t\t<\/div>\r\n\r\n\t\t\t\t<div class=\"premium-blog-post-outer-container\" data-total=\"1\">\r\n\t\t\t<div class=\"premium-blog-post-container premium-blog-skin-modern\">\r\n\t\t\t\t\t\t\t\t\t<div class=\"premium-blog-thumb-effect-wrapper\">\r\n\t\t\t\t\t\t<div class=\"premium-blog-thumbnail-container premium-blog-zoomin-effect\">\r\n\t\t\t\t\t\t\t\t\t\t\t<a href=\"https:\/\/www.capaciti.eu\/de\/blog\/2025\/10\/10\/comment-recolter-le-point-de-vue-des-tres-jeunes-enfants-et-les-informer-pour-engager-leur-participation\/\" target=\"_self\">\r\n\t\t\t\t<img loading=\"lazy\" decoding=\"async\" width=\"848\" height=\"900\" src=\"https:\/\/www.capaciti.eu\/wp-content\/uploads\/2025\/10\/Article-10-octobre.png\" class=\"attachment-full size-full wp-image-1064\" alt=\"\" \/>\t\t\t\t<\/a>\r\n\t\t\t\t\t\t\t\t\t\t<\/div>\r\n\t\t\t\t\t\t\t\t\t\t\t\t\t<div class=\"premium-blog-effect-container premium-blog-framed-effect\">\r\n\t\t\t\t\t\t\t\t<a class=\"premium-blog-post-link\" href=\"https:\/\/www.capaciti.eu\/de\/blog\/2025\/10\/10\/comment-recolter-le-point-de-vue-des-tres-jeunes-enfants-et-les-informer-pour-engager-leur-participation\/\" target=\"_self\"><span>Rechte junger Menschen: Zum Start ins neue Schuljahr versammelt das Projekt CAPACITI seine Partner*innen in Metz.\u00a0<\/span><\/a>\r\n\t\t\t\t\t\t\t\t\t\t\t\t\t\t\t<\/div>\r\n\t\t\t\t\t\t\t\t\t\t\t<\/div>\r\n\t\t\t\t\t\t\t\t\t\t\t\t<div class=\"premium-blog-content-wrapper\">\r\n\r\n\t\t\t\t\t<div class=\"premium-blog-inner-container\">\r\n\r\n\t\t\t\t\t\t\t\t\t\t\t\t\t\t<h2 class=\"premium-blog-entry-title\">\r\n\t\t\t<a href=\"https:\/\/www.capaciti.eu\/de\/blog\/2025\/10\/10\/comment-recolter-le-point-de-vue-des-tres-jeunes-enfants-et-les-informer-pour-engager-leur-participation\/\" target=\"_self\">\r\n\t\t\t\tRechte junger Menschen: Zum Start ins neue Schuljahr versammelt das Projekt CAPACITI seine Partner*innen in Metz.\u00a0\t\t\t<\/a>\r\n\t\t<\/h2>\r\n\t\t\t\t<div class=\"premium-blog-entry-meta\">\r\n\t\t\t\t\t\t\t<div class=\"premium-blog-post-author premium-blog-meta-data\">\r\n\t\t\t\t\t<i class=\"fa fa-user fa-fw\" aria-hidden=\"true\"><\/i>\r\n\t\t\t\t\t<a href=\"https:\/\/www.capaciti.eu\/de\/blog\/author\/geoffroy\/\" title=\"Beitr\u00e4ge von geoffroy\" rel=\"author\">geoffroy<\/a>\t\t\t\t<\/div>\r\n\t\t\t\r\n\t\t\t\t\t\t\t<span class=\"premium-blog-meta-separator\">\u2022<\/span>\r\n\t\t\t\t<div class=\"premium-blog-post-time premium-blog-meta-data\">\r\n\t\t\t\t\t<i class=\"fa fa-calendar-alt\" aria-hidden=\"true\"><\/i>\r\n\t\t\t\t\t<span>10 Oktober 2025<\/span>\r\n\t\t\t\t<\/div>\r\n\t\t\t\r\n\t\t\t\t\t\t\t<span class=\"premium-blog-meta-separator\">\u2022<\/span>\r\n\t\t\t\t<div class=\"premium-blog-post-categories premium-blog-meta-data\">\r\n\t\t\t\t\t<i class=\"fa fa-align-left fa-fw\" aria-hidden=\"true\"><\/i>\r\n\t\t\t\t\t<a href=\"https:\/\/www.capaciti.eu\/de\/blog\/category\/actualites\/\" rel=\"category tag\">Aktuelles<\/a>\t\t\t\t<\/div>\r\n\t\t\t\r\n\t\t\t\t\t<\/div>\r\n\t\t\r\n\t\t\t\t\t<\/div>\r\n\r\n\t\t\t\t\t\t\t\t\t\t\r\n\t\t\t\t<\/div>\r\n\t\t\t<\/div>\r\n\t\t<\/div>\r\n\r\n\t\t\t\t<div class=\"premium-blog-post-outer-container\" data-total=\"1\">\r\n\t\t\t<div class=\"premium-blog-post-container premium-blog-skin-modern\">\r\n\t\t\t\t\t\t\t\t\t<div class=\"premium-blog-thumb-effect-wrapper\">\r\n\t\t\t\t\t\t<div class=\"premium-blog-thumbnail-container premium-blog-zoomin-effect\">\r\n\t\t\t\t\t\t\t\t\t\t\t<a href=\"https:\/\/www.capaciti.eu\/de\/blog\/2024\/12\/20\/elementor-383\/\" target=\"_self\">\r\n\t\t\t\t<img loading=\"lazy\" decoding=\"async\" width=\"848\" height=\"900\" src=\"https:\/\/www.capaciti.eu\/wp-content\/uploads\/2024\/12\/CAPACITI-welcome-page-image-one_cut.jpg\" class=\"attachment-full size-full wp-image-226\" alt=\"\" \/>\t\t\t\t<\/a>\r\n\t\t\t\t\t\t\t\t\t\t<\/div>\r\n\t\t\t\t\t\t\t\t\t\t\t\t\t<div class=\"premium-blog-effect-container premium-blog-framed-effect\">\r\n\t\t\t\t\t\t\t\t<a class=\"premium-blog-post-link\" href=\"https:\/\/www.capaciti.eu\/de\/blog\/2024\/12\/20\/elementor-383\/\" target=\"_self\"><span>Rechte junger Menschen: Wenn Kinder das Wort ergreifen - CAPACITI bereitet sich auf 2025 vor<\/span><\/a>\r\n\t\t\t\t\t\t\t\t\t\t\t\t\t\t\t<\/div>\r\n\t\t\t\t\t\t\t\t\t\t\t<\/div>\r\n\t\t\t\t\t\t\t\t\t\t\t\t<div class=\"premium-blog-content-wrapper\">\r\n\r\n\t\t\t\t\t<div class=\"premium-blog-inner-container\">\r\n\r\n\t\t\t\t\t\t\t\t\t\t\t\t\t\t<h2 class=\"premium-blog-entry-title\">\r\n\t\t\t<a href=\"https:\/\/www.capaciti.eu\/de\/blog\/2024\/12\/20\/elementor-383\/\" target=\"_self\">\r\n\t\t\t\tRechte junger Menschen: Wenn Kinder das Wort ergreifen - CAPACITI bereitet sich auf 2025 vor\t\t\t<\/a>\r\n\t\t<\/h2>\r\n\t\t\t\t<div class=\"premium-blog-entry-meta\">\r\n\t\t\t\t\t\t\t<div class=\"premium-blog-post-author premium-blog-meta-data\">\r\n\t\t\t\t\t<i class=\"fa fa-user fa-fw\" aria-hidden=\"true\"><\/i>\r\n\t\t\t\t\t<a href=\"https:\/\/www.capaciti.eu\/de\/blog\/author\/geoffroy\/\" title=\"Beitr\u00e4ge von geoffroy\" rel=\"author\">geoffroy<\/a>\t\t\t\t<\/div>\r\n\t\t\t\r\n\t\t\t\t\t\t\t<span class=\"premium-blog-meta-separator\">\u2022<\/span>\r\n\t\t\t\t<div class=\"premium-blog-post-time premium-blog-meta-data\">\r\n\t\t\t\t\t<i class=\"fa fa-calendar-alt\" aria-hidden=\"true\"><\/i>\r\n\t\t\t\t\t<span>20 Dezember 2024<\/span>\r\n\t\t\t\t<\/div>\r\n\t\t\t\r\n\t\t\t\t\t\t\t<span class=\"premium-blog-meta-separator\">\u2022<\/span>\r\n\t\t\t\t<div class=\"premium-blog-post-categories premium-blog-meta-data\">\r\n\t\t\t\t\t<i class=\"fa fa-align-left fa-fw\" aria-hidden=\"true\"><\/i>\r\n\t\t\t\t\t<a href=\"https:\/\/www.capaciti.eu\/de\/blog\/category\/actualites\/\" rel=\"category tag\">Aktuelles<\/a>\t\t\t\t<\/div>\r\n\t\t\t\r\n\t\t\t\t\t<\/div>\r\n\t\t\r\n\t\t\t\t\t<\/div>\r\n\r\n\t\t\t\t\t\t\t\t\t\t\r\n\t\t\t\t<\/div>\r\n\t\t\t<\/div>\r\n\t\t<\/div>\r\n\r\n\t\t\t\t<\/div>\r\n\r\n\t\t\t\t\t\t<\/div>\n\t\t\t\t<\/div>\n\t\t\t\t\t<\/div>\n\t\t\t\t<\/div>\n\t\t\t\t<\/div>","protected":false},"excerpt":{"rendered":"<p>Comment r\u00e9colter le point de vue des tr\u00e8s jeunes enfants et les informer pour engager\u202fleur participation\u202f? Comment r\u00e9colter le point de vue des tr\u00e8s jeunes enfants et les informer pour &#8230;<\/p>","protected":false},"author":1,"featured_media":0,"parent":0,"menu_order":0,"comment_status":"closed","ping_status":"closed","template":"","meta":{"footnotes":""},"class_list":["post-207","page","type-page","status-publish","hentry"],"_links":{"self":[{"href":"https:\/\/www.capaciti.eu\/de\/wp-json\/wp\/v2\/pages\/207"}],"collection":[{"href":"https:\/\/www.capaciti.eu\/de\/wp-json\/wp\/v2\/pages"}],"about":[{"href":"https:\/\/www.capaciti.eu\/de\/wp-json\/wp\/v2\/types\/page"}],"author":[{"embeddable":true,"href":"https:\/\/www.capaciti.eu\/de\/wp-json\/wp\/v2\/users\/1"}],"replies":[{"embeddable":true,"href":"https:\/\/www.capaciti.eu\/de\/wp-json\/wp\/v2\/comments?post=207"}],"version-history":[{"count":28,"href":"https:\/\/www.capaciti.eu\/de\/wp-json\/wp\/v2\/pages\/207\/revisions"}],"predecessor-version":[{"id":1052,"href":"https:\/\/www.capaciti.eu\/de\/wp-json\/wp\/v2\/pages\/207\/revisions\/1052"}],"wp:attachment":[{"href":"https:\/\/www.capaciti.eu\/de\/wp-json\/wp\/v2\/media?parent=207"}],"curies":[{"name":"wp","href":"https:\/\/api.w.org\/{rel}","templated":true}]}}