{"id":968,"date":"2025-06-03T09:18:29","date_gmt":"2025-06-03T07:18:29","guid":{"rendered":"https:\/\/www.capaciti.eu\/?page_id=968"},"modified":"2025-06-03T09:28:02","modified_gmt":"2025-06-03T07:28:02","slug":"ressources","status":"publish","type":"page","link":"https:\/\/www.capaciti.eu\/de\/ressources\/","title":{"rendered":"Ressourcen"},"content":{"rendered":"<div data-elementor-type=\"wp-page\" data-elementor-id=\"968\" class=\"elementor elementor-968\">\n\t\t\t\t<div class=\"elementor-element elementor-element-dd7d9d3 e-flex e-con-boxed e-con e-parent\" data-id=\"dd7d9d3\" data-element_type=\"container\">\n\t\t\t\t\t<div class=\"e-con-inner\">\n\t\t\t\t<div class=\"elementor-element elementor-element-429ee2f premium-blog-align-left elementor-widget elementor-widget-premium-addon-blog\" data-id=\"429ee2f\" data-element_type=\"widget\" data-settings=\"{&quot;force_height&quot;:&quot;true&quot;,&quot;premium_blog_columns_number&quot;:&quot;33.33%&quot;,&quot;premium_blog_grid&quot;:&quot;yes&quot;,&quot;premium_blog_layout&quot;:&quot;even&quot;,&quot;premium_blog_columns_number_tablet&quot;:&quot;50%&quot;,&quot;premium_blog_columns_number_mobile&quot;:&quot;100%&quot;}\" data-widget_type=\"premium-addon-blog.default\">\n\t\t\t\t<div class=\"elementor-widget-container\">\n\t\t\t\t\t\r\n\t\t\t\t<div class=\"premium-blog-wrap  premium-blog-even\" data-page=\"968\">\r\n\t\t\t\t\t<div class=\"premium-blog-post-outer-container\" data-total=\"1\">\r\n\t\t\t<div class=\"premium-blog-post-container premium-blog-skin-modern\">\r\n\t\t\t\t\t\t\t\t\t<div class=\"premium-blog-thumb-effect-wrapper\">\r\n\t\t\t\t\t\t<div class=\"premium-blog-thumbnail-container premium-blog-zoomin-effect\">\r\n\t\t\t\t\t\t\t\t\t\t\t<a href=\"https:\/\/www.capaciti.eu\/de\/blog\/2025\/11\/21\/enquete-sur-les-perceptions-des-droits-de-lenfant-et-la-participation-aupres-des-futurs-professionnels-en-lien-avec-lenfance-dans-la-grande-region\/\" target=\"_self\">\r\n\t\t\t\t<img fetchpriority=\"high\" decoding=\"async\" width=\"848\" height=\"900\" src=\"https:\/\/www.capaciti.eu\/wp-content\/uploads\/2025\/11\/Design-sans-titre-72.png\" class=\"attachment-full size-full wp-image-1092\" alt=\"\" \/>\t\t\t\t<\/a>\r\n\t\t\t\t\t\t\t\t\t\t<\/div>\r\n\t\t\t\t\t\t\t\t\t\t\t\t\t<div class=\"premium-blog-effect-container premium-blog-framed-effect\">\r\n\t\t\t\t\t\t\t\t<a class=\"premium-blog-post-link\" href=\"https:\/\/www.capaciti.eu\/de\/blog\/2025\/11\/21\/enquete-sur-les-perceptions-des-droits-de-lenfant-et-la-participation-aupres-des-futurs-professionnels-en-lien-avec-lenfance-dans-la-grande-region\/\" target=\"_self\"><span>Die Wahrnehmung der Kinderrechte und der Partizipation durch angehende Fachkr\u00e4fte im Bereich der Arbeit mit Kindern<\/span><\/a>\r\n\t\t\t\t\t\t\t\t\t\t\t\t\t\t\t<\/div>\r\n\t\t\t\t\t\t\t\t\t\t\t<\/div>\r\n\t\t\t\t\t\t\t\t\t\t\t\t<div class=\"premium-blog-content-wrapper\">\r\n\r\n\t\t\t\t\t<div class=\"premium-blog-inner-container\">\r\n\r\n\t\t\t\t\t\t\t\t\t\t\t\t\t\t<h2 class=\"premium-blog-entry-title\">\r\n\t\t\t<a href=\"https:\/\/www.capaciti.eu\/de\/blog\/2025\/11\/21\/enquete-sur-les-perceptions-des-droits-de-lenfant-et-la-participation-aupres-des-futurs-professionnels-en-lien-avec-lenfance-dans-la-grande-region\/\" target=\"_self\">\r\n\t\t\t\tDie Wahrnehmung der Kinderrechte und der Partizipation durch angehende Fachkr\u00e4fte im Bereich der Arbeit mit Kindern\t\t\t<\/a>\r\n\t\t<\/h2>\r\n\t\t\t\t<div class=\"premium-blog-entry-meta\">\r\n\t\t\t\t\t\t\t<div class=\"premium-blog-post-author premium-blog-meta-data\">\r\n\t\t\t\t\t<i class=\"fa fa-user fa-fw\" aria-hidden=\"true\"><\/i>\r\n\t\t\t\t\t<a href=\"https:\/\/www.capaciti.eu\/de\/blog\/author\/geoffroy\/\" title=\"Beitr\u00e4ge von geoffroy\" rel=\"author\">geoffroy<\/a>\t\t\t\t<\/div>\r\n\t\t\t\r\n\t\t\t\t\t\t\t<span class=\"premium-blog-meta-separator\">\u2022<\/span>\r\n\t\t\t\t<div class=\"premium-blog-post-time premium-blog-meta-data\">\r\n\t\t\t\t\t<i class=\"fa fa-calendar-alt\" aria-hidden=\"true\"><\/i>\r\n\t\t\t\t\t<span>21 November 2025<\/span>\r\n\t\t\t\t<\/div>\r\n\t\t\t\r\n\t\t\t\t\t\t\t<span class=\"premium-blog-meta-separator\">\u2022<\/span>\r\n\t\t\t\t<div class=\"premium-blog-post-categories premium-blog-meta-data\">\r\n\t\t\t\t\t<i class=\"fa fa-align-left fa-fw\" aria-hidden=\"true\"><\/i>\r\n\t\t\t\t\t<a href=\"https:\/\/www.capaciti.eu\/de\/blog\/category\/ressource\/\" rel=\"category tag\">Ressource<\/a>\t\t\t\t<\/div>\r\n\t\t\t\r\n\t\t\t\t\t<\/div>\r\n\t\t\r\n\t\t\t\t\t<\/div>\r\n\r\n\t\t\t\t\t\t\t\t\t\t\r\n\t\t\t\t<\/div>\r\n\t\t\t<\/div>\r\n\t\t<\/div>\r\n\r\n\t\t\t\t<div class=\"premium-blog-post-outer-container\" data-total=\"1\">\r\n\t\t\t<div class=\"premium-blog-post-container premium-blog-skin-modern\">\r\n\t\t\t\t\t\t\t\t\t<div class=\"premium-blog-thumb-effect-wrapper\">\r\n\t\t\t\t\t\t<div class=\"premium-blog-thumbnail-container premium-blog-zoomin-effect\">\r\n\t\t\t\t\t\t\t\t\t\t\t<a href=\"https:\/\/www.capaciti.eu\/de\/blog\/2025\/10\/10\/accueil-et-integration-des-jeunes-migrants-non-accompagnes-mna-participation-expression-et-accompagnement-dun-public-aux-parcours-complexes\/\" target=\"_self\">\r\n\t\t\t\t<img decoding=\"async\" width=\"848\" height=\"900\" src=\"https:\/\/www.capaciti.eu\/wp-content\/uploads\/2025\/10\/Article-10-octobre-1.png\" class=\"attachment-full size-full wp-image-1070\" alt=\"\" \/>\t\t\t\t<\/a>\r\n\t\t\t\t\t\t\t\t\t\t<\/div>\r\n\t\t\t\t\t\t\t\t\t\t\t\t\t<div class=\"premium-blog-effect-container premium-blog-framed-effect\">\r\n\t\t\t\t\t\t\t\t<a class=\"premium-blog-post-link\" href=\"https:\/\/www.capaciti.eu\/de\/blog\/2025\/10\/10\/accueil-et-integration-des-jeunes-migrants-non-accompagnes-mna-participation-expression-et-accompagnement-dun-public-aux-parcours-complexes\/\" target=\"_self\"><span>Aufnahme und Integration unbegleiteter minderj\u00e4hriger Fl\u00fcchtlinge (UMF): Teilhabe, Meinungs\u00e4u\u00dferung und Begleitung einer Zielgruppe mit komplexen Lebenswegen\u00a0<\/span><\/a>\r\n\t\t\t\t\t\t\t\t\t\t\t\t\t\t\t<\/div>\r\n\t\t\t\t\t\t\t\t\t\t\t<\/div>\r\n\t\t\t\t\t\t\t\t\t\t\t\t<div class=\"premium-blog-content-wrapper\">\r\n\r\n\t\t\t\t\t<div class=\"premium-blog-inner-container\">\r\n\r\n\t\t\t\t\t\t\t\t\t\t\t\t\t\t<h2 class=\"premium-blog-entry-title\">\r\n\t\t\t<a href=\"https:\/\/www.capaciti.eu\/de\/blog\/2025\/10\/10\/accueil-et-integration-des-jeunes-migrants-non-accompagnes-mna-participation-expression-et-accompagnement-dun-public-aux-parcours-complexes\/\" target=\"_self\">\r\n\t\t\t\tAufnahme und Integration unbegleiteter minderj\u00e4hriger Fl\u00fcchtlinge (UMF): Teilhabe, Meinungs\u00e4u\u00dferung und Begleitung einer Zielgruppe mit komplexen Lebenswegen\u00a0\t\t\t<\/a>\r\n\t\t<\/h2>\r\n\t\t\t\t<div class=\"premium-blog-entry-meta\">\r\n\t\t\t\t\t\t\t<div class=\"premium-blog-post-author premium-blog-meta-data\">\r\n\t\t\t\t\t<i class=\"fa fa-user fa-fw\" aria-hidden=\"true\"><\/i>\r\n\t\t\t\t\t<a href=\"https:\/\/www.capaciti.eu\/de\/blog\/author\/geoffroy\/\" title=\"Beitr\u00e4ge von geoffroy\" rel=\"author\">geoffroy<\/a>\t\t\t\t<\/div>\r\n\t\t\t\r\n\t\t\t\t\t\t\t<span class=\"premium-blog-meta-separator\">\u2022<\/span>\r\n\t\t\t\t<div class=\"premium-blog-post-time premium-blog-meta-data\">\r\n\t\t\t\t\t<i class=\"fa fa-calendar-alt\" aria-hidden=\"true\"><\/i>\r\n\t\t\t\t\t<span>10 Oktober 2025<\/span>\r\n\t\t\t\t<\/div>\r\n\t\t\t\r\n\t\t\t\t\t\t\t<span class=\"premium-blog-meta-separator\">\u2022<\/span>\r\n\t\t\t\t<div class=\"premium-blog-post-categories premium-blog-meta-data\">\r\n\t\t\t\t\t<i class=\"fa fa-align-left fa-fw\" aria-hidden=\"true\"><\/i>\r\n\t\t\t\t\t<a href=\"https:\/\/www.capaciti.eu\/de\/blog\/category\/ressource\/\" rel=\"category tag\">Ressource<\/a>\t\t\t\t<\/div>\r\n\t\t\t\r\n\t\t\t\t\t<\/div>\r\n\t\t\r\n\t\t\t\t\t<\/div>\r\n\r\n\t\t\t\t\t\t\t\t\t\t\t\t\t\t\t\t<div class=\"premium-blog-post-tags-container\">\r\n\t\t\t\t\t\t\t\t<i class=\"fa fa-tags fa-fw\" aria-hidden=\"true\"><\/i>\r\n\t\t\t\t\t\t\t\t <a href=\"https:\/\/www.capaciti.eu\/de\/blog\/tag\/droits-de-lenfant\/\" rel=\"tag\">droits de l'enfant<\/a>\t\t\t\t\t\t<\/div>\r\n\t\t\t\t\t\r\n\t\t\t\t<\/div>\r\n\t\t\t<\/div>\r\n\t\t<\/div>\r\n\r\n\t\t\t\t<div class=\"premium-blog-post-outer-container\" data-total=\"1\">\r\n\t\t\t<div class=\"premium-blog-post-container premium-blog-skin-modern\">\r\n\t\t\t\t\t\t\t\t\t<div class=\"premium-blog-thumb-effect-wrapper\">\r\n\t\t\t\t\t\t<div class=\"premium-blog-thumbnail-container premium-blog-zoomin-effect\">\r\n\t\t\t\t\t\t\t\t\t\t\t<a href=\"https:\/\/www.capaciti.eu\/de\/blog\/2025\/06\/03\/linteret-de-lenfant-et-sa-parole\/\" target=\"_self\">\r\n\t\t\t\t<img decoding=\"async\" width=\"848\" height=\"900\" src=\"https:\/\/www.capaciti.eu\/wp-content\/uploads\/2025\/10\/Article-3-juin.png\" class=\"attachment-full size-full wp-image-1069\" alt=\"\" \/>\t\t\t\t<\/a>\r\n\t\t\t\t\t\t\t\t\t\t<\/div>\r\n\t\t\t\t\t\t\t\t\t\t\t\t\t<div class=\"premium-blog-effect-container premium-blog-framed-effect\">\r\n\t\t\t\t\t\t\t\t<a class=\"premium-blog-post-link\" href=\"https:\/\/www.capaciti.eu\/de\/blog\/2025\/06\/03\/linteret-de-lenfant-et-sa-parole\/\" target=\"_self\"><span>L\u2019int\u00e9r\u00eat de l\u2019enfant et sa parole<\/span><\/a>\r\n\t\t\t\t\t\t\t\t\t\t\t\t\t\t\t<\/div>\r\n\t\t\t\t\t\t\t\t\t\t\t<\/div>\r\n\t\t\t\t\t\t\t\t\t\t\t\t<div class=\"premium-blog-content-wrapper\">\r\n\r\n\t\t\t\t\t<div class=\"premium-blog-inner-container\">\r\n\r\n\t\t\t\t\t\t\t\t\t\t\t\t\t\t<h2 class=\"premium-blog-entry-title\">\r\n\t\t\t<a href=\"https:\/\/www.capaciti.eu\/de\/blog\/2025\/06\/03\/linteret-de-lenfant-et-sa-parole\/\" target=\"_self\">\r\n\t\t\t\tL\u2019int\u00e9r\u00eat de l\u2019enfant et sa parole\t\t\t<\/a>\r\n\t\t<\/h2>\r\n\t\t\t\t<div class=\"premium-blog-entry-meta\">\r\n\t\t\t\t\t\t\t<div class=\"premium-blog-post-author premium-blog-meta-data\">\r\n\t\t\t\t\t<i class=\"fa fa-user fa-fw\" aria-hidden=\"true\"><\/i>\r\n\t\t\t\t\t<a href=\"https:\/\/www.capaciti.eu\/de\/blog\/author\/liorem\/\" title=\"Beitr\u00e4ge von Lionel Remy-Hendrick\" rel=\"author\">Lionel Remy-Hendrick<\/a>\t\t\t\t<\/div>\r\n\t\t\t\r\n\t\t\t\t\t\t\t<span class=\"premium-blog-meta-separator\">\u2022<\/span>\r\n\t\t\t\t<div class=\"premium-blog-post-time premium-blog-meta-data\">\r\n\t\t\t\t\t<i class=\"fa fa-calendar-alt\" aria-hidden=\"true\"><\/i>\r\n\t\t\t\t\t<span>3 Juni 2025<\/span>\r\n\t\t\t\t<\/div>\r\n\t\t\t\r\n\t\t\t\t\t\t\t<span class=\"premium-blog-meta-separator\">\u2022<\/span>\r\n\t\t\t\t<div class=\"premium-blog-post-categories premium-blog-meta-data\">\r\n\t\t\t\t\t<i class=\"fa fa-align-left fa-fw\" aria-hidden=\"true\"><\/i>\r\n\t\t\t\t\t<a href=\"https:\/\/www.capaciti.eu\/de\/blog\/category\/ressource\/\" rel=\"category tag\">Ressource<\/a>\t\t\t\t<\/div>\r\n\t\t\t\r\n\t\t\t\t\t<\/div>\r\n\t\t\r\n\t\t\t\t\t<\/div>\r\n\r\n\t\t\t\t\t\t\t\t\t\t\t\t\t\t\t\t<div class=\"premium-blog-post-tags-container\">\r\n\t\t\t\t\t\t\t\t<i class=\"fa fa-tags fa-fw\" aria-hidden=\"true\"><\/i>\r\n\t\t\t\t\t\t\t\t <a href=\"https:\/\/www.capaciti.eu\/de\/blog\/tag\/anthropologie\/\" rel=\"tag\">anthropologie<\/a>, <a href=\"https:\/\/www.capaciti.eu\/de\/blog\/tag\/droits-de-lenfant\/\" rel=\"tag\">droits de l'enfant<\/a>, <a href=\"https:\/\/www.capaciti.eu\/de\/blog\/tag\/enfance\/\" rel=\"tag\">enfance<\/a>\t\t\t\t\t\t<\/div>\r\n\t\t\t\t\t\r\n\t\t\t\t<\/div>\r\n\t\t\t<\/div>\r\n\t\t<\/div>\r\n\r\n\t\t\t\t<div class=\"premium-blog-post-outer-container\" data-total=\"1\">\r\n\t\t\t<div class=\"premium-blog-post-container premium-blog-skin-modern\">\r\n\t\t\t\t\t\t\t\t\t<div class=\"premium-blog-thumb-effect-wrapper\">\r\n\t\t\t\t\t\t<div class=\"premium-blog-thumbnail-container premium-blog-zoomin-effect\">\r\n\t\t\t\t\t\t\t\t\t\t\t<a href=\"https:\/\/www.capaciti.eu\/de\/blog\/2025\/03\/27\/seminaire-participation-petite-enfance-seminar-beteiligung-kleinkindern\/\" target=\"_self\">\r\n\t\t\t\t<img loading=\"lazy\" decoding=\"async\" width=\"848\" height=\"900\" src=\"https:\/\/www.capaciti.eu\/wp-content\/uploads\/2025\/10\/Article-27-mars.png\" class=\"attachment-full size-full wp-image-1065\" alt=\"\" \/>\t\t\t\t<\/a>\r\n\t\t\t\t\t\t\t\t\t\t<\/div>\r\n\t\t\t\t\t\t\t\t\t\t\t\t\t<div class=\"premium-blog-effect-container premium-blog-framed-effect\">\r\n\t\t\t\t\t\t\t\t<a class=\"premium-blog-post-link\" href=\"https:\/\/www.capaciti.eu\/de\/blog\/2025\/03\/27\/seminaire-participation-petite-enfance-seminar-beteiligung-kleinkindern\/\" target=\"_self\"><span>Wie kann man die Perspektive von Kleinkindern erfassen und sie informieren, um ihre Beteiligung zu f\u00f6rdern?<\/span><\/a>\r\n\t\t\t\t\t\t\t\t\t\t\t\t\t\t\t<\/div>\r\n\t\t\t\t\t\t\t\t\t\t\t<\/div>\r\n\t\t\t\t\t\t\t\t\t\t\t\t<div class=\"premium-blog-content-wrapper\">\r\n\r\n\t\t\t\t\t<div class=\"premium-blog-inner-container\">\r\n\r\n\t\t\t\t\t\t\t\t\t\t\t\t\t\t<h2 class=\"premium-blog-entry-title\">\r\n\t\t\t<a href=\"https:\/\/www.capaciti.eu\/de\/blog\/2025\/03\/27\/seminaire-participation-petite-enfance-seminar-beteiligung-kleinkindern\/\" target=\"_self\">\r\n\t\t\t\tWie kann man die Perspektive von Kleinkindern erfassen und sie informieren, um ihre Beteiligung zu f\u00f6rdern?\t\t\t<\/a>\r\n\t\t<\/h2>\r\n\t\t\t\t<div class=\"premium-blog-entry-meta\">\r\n\t\t\t\t\t\t\t<div class=\"premium-blog-post-author premium-blog-meta-data\">\r\n\t\t\t\t\t<i class=\"fa fa-user fa-fw\" aria-hidden=\"true\"><\/i>\r\n\t\t\t\t\t<a href=\"https:\/\/www.capaciti.eu\/de\/blog\/author\/geoffroy\/\" title=\"Beitr\u00e4ge von geoffroy\" rel=\"author\">geoffroy<\/a>\t\t\t\t<\/div>\r\n\t\t\t\r\n\t\t\t\t\t\t\t<span class=\"premium-blog-meta-separator\">\u2022<\/span>\r\n\t\t\t\t<div class=\"premium-blog-post-time premium-blog-meta-data\">\r\n\t\t\t\t\t<i class=\"fa fa-calendar-alt\" aria-hidden=\"true\"><\/i>\r\n\t\t\t\t\t<span>27 M\u00e4rz 2025<\/span>\r\n\t\t\t\t<\/div>\r\n\t\t\t\r\n\t\t\t\t\t\t\t<span class=\"premium-blog-meta-separator\">\u2022<\/span>\r\n\t\t\t\t<div class=\"premium-blog-post-categories premium-blog-meta-data\">\r\n\t\t\t\t\t<i class=\"fa fa-align-left fa-fw\" aria-hidden=\"true\"><\/i>\r\n\t\t\t\t\t<a href=\"https:\/\/www.capaciti.eu\/de\/blog\/category\/actualites\/\" rel=\"category tag\">Aktuelles<\/a>, <a href=\"https:\/\/www.capaciti.eu\/de\/blog\/category\/ressource\/\" rel=\"category tag\">Ressource<\/a>\t\t\t\t<\/div>\r\n\t\t\t\r\n\t\t\t\t\t<\/div>\r\n\t\t\r\n\t\t\t\t\t<\/div>\r\n\r\n\t\t\t\t\t\t\t\t\t\t\r\n\t\t\t\t<\/div>\r\n\t\t\t<\/div>\r\n\t\t<\/div>\r\n\r\n\t\t\t\t<\/div>\r\n\r\n\t\t\t\t\t\t<\/div>\n\t\t\t\t<\/div>\n\t\t\t\t\t<\/div>\n\t\t\t\t<\/div>\n\t\t\t\t<\/div>","protected":false},"excerpt":{"rendered":"<p>L\u2019int\u00e9r\u00eat de l\u2019enfant et sa parole L\u2019int\u00e9r\u00eat de l\u2019enfant et sa parole Lionel Remy-Hendrick \u2022 3 juin 2025 \u2022 Ressource anthropologie<\/p>","protected":false},"author":1,"featured_media":0,"parent":0,"menu_order":0,"comment_status":"closed","ping_status":"closed","template":"","meta":{"footnotes":""},"class_list":["post-968","page","type-page","status-publish","hentry"],"_links":{"self":[{"href":"https:\/\/www.capaciti.eu\/de\/wp-json\/wp\/v2\/pages\/968"}],"collection":[{"href":"https:\/\/www.capaciti.eu\/de\/wp-json\/wp\/v2\/pages"}],"about":[{"href":"https:\/\/www.capaciti.eu\/de\/wp-json\/wp\/v2\/types\/page"}],"author":[{"embeddable":true,"href":"https:\/\/www.capaciti.eu\/de\/wp-json\/wp\/v2\/users\/1"}],"replies":[{"embeddable":true,"href":"https:\/\/www.capaciti.eu\/de\/wp-json\/wp\/v2\/comments?post=968"}],"version-history":[{"count":8,"href":"https:\/\/www.capaciti.eu\/de\/wp-json\/wp\/v2\/pages\/968\/revisions"}],"predecessor-version":[{"id":980,"href":"https:\/\/www.capaciti.eu\/de\/wp-json\/wp\/v2\/pages\/968\/revisions\/980"}],"wp:attachment":[{"href":"https:\/\/www.capaciti.eu\/de\/wp-json\/wp\/v2\/media?parent=968"}],"curies":[{"name":"wp","href":"https:\/\/api.w.org\/{rel}","templated":true}]}}